{"id":6090,"date":"2023-11-15T07:19:51","date_gmt":"2023-11-15T07:19:51","guid":{"rendered":"https:\/\/shbvatani.org\/kontakt\/"},"modified":"2025-01-09T15:14:50","modified_gmt":"2025-01-09T15:14:50","slug":"kontakt","status":"publish","type":"page","link":"https:\/\/shbvatani.org\/de\/kontakt\/","title":{"rendered":"Kontakt"},"content":{"rendered":"\t\t<div data-elementor-type=\"wp-page\" data-elementor-id=\"6090\" class=\"elementor elementor-6090 elementor-405\" data-elementor-post-type=\"page\">\n\t\t\t\t<div class=\"elementor-element elementor-element-7de4629 e-flex e-con-boxed e-con e-parent\" data-id=\"7de4629\" data-element_type=\"container\">\n\t\t\t\t\t<div class=\"e-con-inner\">\n\t\t<div class=\"elementor-element elementor-element-05d1c86 e-con-full e-flex e-con e-child\" data-id=\"05d1c86\" data-element_type=\"container\" data-settings=\"{&quot;background_background&quot;:&quot;classic&quot;}\">\n\t\t\t\t<div class=\"elementor-element elementor-element-1863bc5 elementor-headline--style-highlight elementor-widget elementor-widget-animated-headline\" data-id=\"1863bc5\" data-element_type=\"widget\" data-settings=\"{&quot;marker&quot;:&quot;underline&quot;,&quot;highlighted_text&quot;:&quot;eine Nachricht&quot;,&quot;headline_style&quot;:&quot;highlight&quot;,&quot;loop&quot;:&quot;yes&quot;,&quot;highlight_animation_duration&quot;:1200,&quot;highlight_iteration_delay&quot;:8000}\" data-widget_type=\"animated-headline.default\">\n\t\t\t\t<div class=\"elementor-widget-container\">\n\t\t\t\t\t\t\t<h5 class=\"elementor-headline\">\n\t\t\t\t\t<span class=\"elementor-headline-plain-text elementor-headline-text-wrapper\">Hinterlassen Sie uns<\/span>\n\t\t\t\t<span class=\"elementor-headline-dynamic-wrapper elementor-headline-text-wrapper\">\n\t\t\t\t\t<span class=\"elementor-headline-dynamic-text elementor-headline-text-active\">eine Nachricht<\/span>\n\t\t\t\t<\/span>\n\t\t\t\t<\/h5>\n\t\t\t\t\t\t<\/div>\n\t\t\t\t<\/div>\n\t\t\t\t<div class=\"elementor-element elementor-element-9c5c0ac elementor-widget elementor-widget-text-editor\" data-id=\"9c5c0ac\" data-element_type=\"widget\" data-widget_type=\"text-editor.default\">\n\t\t\t\t<div class=\"elementor-widget-container\">\n\t\t\t\t\t\t\t\t\t<p>Wir sind f\u00fcr Sie da! Sie k\u00f6nnen uns jederzeit \u00fcber das unten stehende Kontaktformular kontaktieren oder, wenn Sie m\u00f6chten, unsere Zentrale besuchen. Wir sind bereit, Ihre Fragen, Gedanken und Vorschl\u00e4ge zu h\u00f6ren. Vielen Dank, dass Sie Teil unseres Vereins \u201eVatan\u201c sind.<\/p>\n\t\t\t\t\t\t\t\t<\/div>\n\t\t\t\t<\/div>\n\t\t\t\t<div class=\"elementor-element elementor-element-9b6a671 elementor-position-left elementor-view-default elementor-mobile-position-top elementor-widget elementor-widget-icon-box\" data-id=\"9b6a671\" data-element_type=\"widget\" data-widget_type=\"icon-box.default\">\n\t\t\t\t<div class=\"elementor-widget-container\">\n\t\t\t\t\t\t\t<div class=\"elementor-icon-box-wrapper\">\n\n\t\t\t\t\t\t<div class=\"elementor-icon-box-icon\">\n\t\t\t\t<span  class=\"elementor-icon\">\n\t\t\t\t<i aria-hidden=\"true\" class=\" icon-location\"><\/i>\t\t\t\t<\/span>\n\t\t\t<\/div>\n\t\t\t\n\t\t\t\t\t\t<div class=\"elementor-icon-box-content\">\n\n\t\t\t\t\t\t\t\t\t<h6 class=\"elementor-icon-box-title\">\n\t\t\t\t\t\t<span  >\n\t\t\t\t\t\t\tHauptadresse\t\t\t\t\t\t<\/span>\n\t\t\t\t\t<\/h6>\n\t\t\t\t\n\t\t\t\t\t\t\t\t\t<p class=\"elementor-icon-box-description\">\n\t\t\t\t\t\tHauptstrasse 2, 8586 Riedt b. Erlen\t\t\t\t\t<\/p>\n\t\t\t\t\n\t\t\t<\/div>\n\t\t\t\n\t\t<\/div>\n\t\t\t\t\t\t<\/div>\n\t\t\t\t<\/div>\n\t\t\t\t<div class=\"elementor-element elementor-element-06681a3 elementor-position-left elementor-view-default elementor-mobile-position-top elementor-widget elementor-widget-icon-box\" data-id=\"06681a3\" data-element_type=\"widget\" data-widget_type=\"icon-box.default\">\n\t\t\t\t<div class=\"elementor-widget-container\">\n\t\t\t\t\t\t\t<div class=\"elementor-icon-box-wrapper\">\n\n\t\t\t\t\t\t<div class=\"elementor-icon-box-icon\">\n\t\t\t\t<span  class=\"elementor-icon\">\n\t\t\t\t<i aria-hidden=\"true\" class=\" icon-location\"><\/i>\t\t\t\t<\/span>\n\t\t\t<\/div>\n\t\t\t\n\t\t\t\t\t\t<div class=\"elementor-icon-box-content\">\n\n\t\t\t\t\t\t\t\t\t<h6 class=\"elementor-icon-box-title\">\n\t\t\t\t\t\t<span  >\n\t\t\t\t\t\t\tAdresse\t\t\t\t\t\t<\/span>\n\t\t\t\t\t<\/h6>\n\t\t\t\t\n\t\t\t\t\t\t\t\t\t<p class=\"elementor-icon-box-description\">\n\t\t\t\t\t\tIstighoferstrasse 5, 8575 B\u00fcrglen\t\t\t\t\t<\/p>\n\t\t\t\t\n\t\t\t<\/div>\n\t\t\t\n\t\t<\/div>\n\t\t\t\t\t\t<\/div>\n\t\t\t\t<\/div>\n\t\t\t\t<div class=\"elementor-element elementor-element-86c116c elementor-position-left elementor-view-default elementor-mobile-position-top elementor-widget elementor-widget-icon-box\" data-id=\"86c116c\" data-element_type=\"widget\" data-widget_type=\"icon-box.default\">\n\t\t\t\t<div class=\"elementor-widget-container\">\n\t\t\t\t\t\t\t<div class=\"elementor-icon-box-wrapper\">\n\n\t\t\t\t\t\t<div class=\"elementor-icon-box-icon\">\n\t\t\t\t<span  class=\"elementor-icon\">\n\t\t\t\t<i aria-hidden=\"true\" class=\" icon-location\"><\/i>\t\t\t\t<\/span>\n\t\t\t<\/div>\n\t\t\t\n\t\t\t\t\t\t<div class=\"elementor-icon-box-content\">\n\n\t\t\t\t\t\t\t\t\t<h6 class=\"elementor-icon-box-title\">\n\t\t\t\t\t\t<span  >\n\t\t\t\t\t\t\tAdresse\t\t\t\t\t\t<\/span>\n\t\t\t\t\t<\/h6>\n\t\t\t\t\n\t\t\t\t\t\t\t\t\t<p class=\"elementor-icon-box-description\">\n\t\t\t\t\t\tZ\u00fcrcherstrasse 281, 8500 Frauenfeld\t\t\t\t\t<\/p>\n\t\t\t\t\n\t\t\t<\/div>\n\t\t\t\n\t\t<\/div>\n\t\t\t\t\t\t<\/div>\n\t\t\t\t<\/div>\n\t\t\t\t<div class=\"elementor-element elementor-element-f466176 elementor-position-left elementor-view-default elementor-mobile-position-top elementor-widget elementor-widget-icon-box\" data-id=\"f466176\" data-element_type=\"widget\" data-widget_type=\"icon-box.default\">\n\t\t\t\t<div class=\"elementor-widget-container\">\n\t\t\t\t\t\t\t<div class=\"elementor-icon-box-wrapper\">\n\n\t\t\t\t\t\t<div class=\"elementor-icon-box-icon\">\n\t\t\t\t<span  class=\"elementor-icon\">\n\t\t\t\t<i aria-hidden=\"true\" class=\" icon-location\"><\/i>\t\t\t\t<\/span>\n\t\t\t<\/div>\n\t\t\t\n\t\t\t\t\t\t<div class=\"elementor-icon-box-content\">\n\n\t\t\t\t\t\t\t\t\t<h6 class=\"elementor-icon-box-title\">\n\t\t\t\t\t\t<span  >\n\t\t\t\t\t\t\tAdresse\t\t\t\t\t\t<\/span>\n\t\t\t\t\t<\/h6>\n\t\t\t\t\n\t\t\t\t\t\t\t\t\t<p class=\"elementor-icon-box-description\">\n\t\t\t\t\t\tBaronrein 6, 4710 Balsthal\t\t\t\t\t<\/p>\n\t\t\t\t\n\t\t\t<\/div>\n\t\t\t\n\t\t<\/div>\n\t\t\t\t\t\t<\/div>\n\t\t\t\t<\/div>\n\t\t\t\t<\/div>\n\t\t<div class=\"elementor-element elementor-element-2ac862a e-con-full e-flex e-con e-child\" data-id=\"2ac862a\" data-element_type=\"container\" data-settings=\"{&quot;background_background&quot;:&quot;classic&quot;}\">\n\t\t\t\t<div class=\"elementor-element elementor-element-2c61278 elementor-widget elementor-widget-shortcode\" data-id=\"2c61278\" data-element_type=\"widget\" data-widget_type=\"shortcode.default\">\n\t\t\t\t<div class=\"elementor-widget-container\">\n\t\t\t\t\t\t\t<div class=\"elementor-shortcode\">\n<div class=\"wpcf7 no-js\" id=\"wpcf7-f6084-o1\" lang=\"en-US\" dir=\"ltr\" data-wpcf7-id=\"6084\">\n<div class=\"screen-reader-response\"><p role=\"status\" aria-live=\"polite\" aria-atomic=\"true\"><\/p> <ul><\/ul><\/div>\n<form action=\"\/de\/wp-json\/wp\/v2\/pages\/6090#wpcf7-f6084-o1\" method=\"post\" class=\"wpcf7-form init\" aria-label=\"Contact form\" novalidate=\"novalidate\" data-status=\"init\">\n<fieldset class=\"hidden-fields-container\"><input type=\"hidden\" name=\"_wpcf7\" value=\"6084\" \/><input type=\"hidden\" name=\"_wpcf7_version\" value=\"6.1.5\" \/><input type=\"hidden\" name=\"_wpcf7_locale\" value=\"en_US\" \/><input type=\"hidden\" name=\"_wpcf7_unit_tag\" value=\"wpcf7-f6084-o1\" \/><input type=\"hidden\" name=\"_wpcf7_container_post\" value=\"0\" \/><input type=\"hidden\" name=\"_wpcf7_posted_data_hash\" value=\"\" \/><input type=\"hidden\" name=\"_wpcf7_recaptcha_response\" value=\"\" \/>\n<\/fieldset>\n<div class=\"row gutter-y-20\">\n    <div class=\"col-12\">\n        <h2>Schreiben Sie uns.<\/h2>\n    <\/div><!-- \/.form-one__control -->\n    <div class=\"col-12\">\n        <div class=\"form-one__control\">\n        <span class=\"wpcf7-form-control-wrap\" data-name=\"text-name\"><input size=\"40\" maxlength=\"400\" class=\"wpcf7-form-control wpcf7-text wpcf7-validates-as-required form-one__control__input\" id=\"name\" aria-required=\"true\" aria-invalid=\"false\" placeholder=\"Ihr Name\" value=\"\" type=\"text\" name=\"text-name\" \/><\/span>\n        <\/div><!-- \/.form-one__control -->\n    <\/div><!-- \/.col-12 -->\n    <div class=\"col-12\">\n        <div class=\"form-one__control\">\n        <span class=\"wpcf7-form-control-wrap\" data-name=\"text-email\"><input size=\"40\" maxlength=\"400\" class=\"wpcf7-form-control wpcf7-email wpcf7-validates-as-required wpcf7-text wpcf7-validates-as-email form-one__control__input\" id=\"youremail\" aria-required=\"true\" aria-invalid=\"false\" placeholder=\"E-Mail-Adresse\" value=\"\" type=\"email\" name=\"text-email\" \/><\/span>\n        <\/div><!-- \/.form-one__control -->\n    <\/div><!-- \/.col-12 -->\n    <div class=\"col-12\">\n        <div class=\"form-one__control\">\n        <span class=\"wpcf7-form-control-wrap\" data-name=\"tel-phone\"><input size=\"40\" maxlength=\"400\" class=\"wpcf7-form-control wpcf7-tel wpcf7-text wpcf7-validates-as-tel form-one__control__input\" id=\"phoneno\" aria-invalid=\"false\" placeholder=\"Telefonnummer\" value=\"\" type=\"tel\" name=\"tel-phone\" \/><\/span>\n        <\/div><!-- \/.form-one__control -->\n    <\/div><!-- \/.col-12 -->\n    <div class=\"col-12\">\n        <div class=\"form-one__control\">\n<span class=\"wpcf7-form-control-wrap\" data-name=\"textarea-316\"><textarea cols=\"40\" rows=\"10\" maxlength=\"2000\" class=\"wpcf7-form-control wpcf7-textarea wpcf7-validates-as-required form-one__control__input form-one__control__message\" id=\"message\" aria-required=\"true\" aria-invalid=\"false\" placeholder=\"Nachricht schreiben...\" name=\"textarea-316\"><\/textarea><\/span>\n        <\/div><!-- \/.form-one__control -->\n    <\/div><!-- \/.col-12 -->\n    <div class=\"col-12\">\n<small>This site is protected by reCAPTCHA and the Google <a href=\"https:\/\/policies.google.com\/privacy\" target=\"_blank\">Privacy Policy<\/a> and <a href=\"https:\/\/policies.google.com\/terms\" target=\"_blank\">Terms of Service<\/a> apply.<\/small>\n        <div class=\"contact-one__btn-box form-one__control mt-20\">\n            <button type=\"submit\" class=\"cleenhearts-btn @@extraClassNameBtn\">\n                <span class=\"cleenhearts-btn__icon-box\">\n                    <span class=\"cleenhearts-btn__icon-box__inner\"><span class=\"icon-duble-arrow\"><\/span><\/span>\n                <\/span>\n                <span class=\"cleenhearts-btn__text\">Senden<\/span>\n            <\/button>\n        <\/div><!-- \/.form-one__control -->\n    <\/div><!-- \/.col-12 -->\n<\/div><!-- \/.row --><div class=\"wpcf7-response-output\" aria-hidden=\"true\"><\/div>\n<\/form>\n<\/div>\n<\/div>\n\t\t\t\t\t\t<\/div>\n\t\t\t\t<\/div>\n\t\t\t\t<\/div>\n\t\t\t\t\t<\/div>\n\t\t\t\t<\/div>\n\t\t<div class=\"elementor-element elementor-element-cba7662 e-con-full e-flex e-con e-parent\" data-id=\"cba7662\" data-element_type=\"container\">\n\t\t\t\t<div class=\"elementor-element elementor-element-ad811c0 elementor-widget elementor-widget-heading\" data-id=\"ad811c0\" data-element_type=\"widget\" data-widget_type=\"heading.default\">\n\t\t\t\t<div class=\"elementor-widget-container\">\n\t\t\t\t\t<h2 class=\"elementor-heading-title elementor-size-default\">Sponsoren<\/h2>\t\t\t\t<\/div>\n\t\t\t\t<\/div>\n\t\t\t\t<div class=\"elementor-element elementor-element-47fd744 elementor-widget elementor-widget-cleenhearts-sponsors\" data-id=\"47fd744\" data-element_type=\"widget\" data-widget_type=\"cleenhearts-sponsors.default\">\n\t\t\t\t<div class=\"elementor-widget-container\">\n\t\t\t\t\t    <div class=\"client-carousel @@extraClassName\">\r\n        <div class=\"container\">\r\n            <div class=\"client-carousel__one cleenhearts-owl__carousel cleenhearts-owl__carousel--basic-nav owl-theme owl-carousel\" data-owl-options='        {\r\n        &quot;loop&quot;: true,\r\n        &quot;margin&quot;: 0,\r\n        &quot;items&quot;: 2        ,&quot;nav&quot;: true                                    ,&quot;autoplay&quot;: true            ,&quot;autoplayTimeout&quot;: 3500                                    ,&quot;autoplayHoverPause&quot;: true                            ,&quot;navText&quot;: [\r\n            &quot;&lt;span class=\\&quot;  icon-arrow-left\\&quot;&gt;&lt;\/span&gt;&quot;,\r\n            &quot;&lt;span class=\\&quot;  icon-arrow-right\\&quot;&gt;&lt;\/span&gt;&quot;\r\n            ]\r\n                ,&quot;dots&quot;: false        ,&quot;smartSpeed&quot;: 700\r\n                    ,\r\n            &quot;responsive&quot;:\r\n            {\r\n                            &quot;0&quot;: {\r\n                &quot;items&quot;: 2,\r\n                                &quot;margin&quot;: 20                },                            &quot;360&quot;: {\r\n                &quot;items&quot;: 2,\r\n                                &quot;margin&quot;: 12                },                            &quot;575&quot;: {\r\n                &quot;items&quot;: 4,\r\n                                &quot;margin&quot;: 40                },                            &quot;768&quot;: {\r\n                &quot;items&quot;: 4,\r\n                                &quot;margin&quot;: 80                },                            &quot;992&quot;: {\r\n                &quot;items&quot;: 5,\r\n                                &quot;margin&quot;: 100                },                            &quot;1200&quot;: {\r\n                &quot;items&quot;: 6,\r\n                                &quot;margin&quot;: 50                }                        }\r\n                }\r\n    '>\r\n                                    <div class=\"client-carousel__item\">\r\n                        <img decoding=\"async\" src=\"https:\/\/shbvatani.org\/wp-content\/uploads\/2024\/03\/thur.png\" alt=\"thur\" title=\"thur\" class=\"client-carousel__item__img\" >                                            <\/div><!-- \/.owl-slide-item-->\r\n                                    <div class=\"client-carousel__item\">\r\n                        <img decoding=\"async\" src=\"https:\/\/shbvatani.org\/wp-content\/uploads\/2024\/03\/nur-travel-logo.png\" alt=\"nur-travel-logo\" title=\"nur-travel-logo\" class=\"client-carousel__item__img\" >                                            <\/div><!-- \/.owl-slide-item-->\r\n                                    <div class=\"client-carousel__item\">\r\n                        <img decoding=\"async\" src=\"https:\/\/shbvatani.org\/wp-content\/uploads\/2024\/03\/SKYDACH.jpg\" alt=\"SKYDACH\" title=\"SKYDACH\" class=\"client-carousel__item__img\" >                                            <\/div><!-- \/.owl-slide-item-->\r\n                                    <div class=\"client-carousel__item\">\r\n                        <img decoding=\"async\" src=\"https:\/\/shbvatani.org\/wp-content\/uploads\/2024\/03\/BLITZ.jpg\" alt=\"BLITZ\" title=\"BLITZ\" class=\"client-carousel__item__img\" >                                            <\/div><!-- \/.owl-slide-item-->\r\n                                    <div class=\"client-carousel__item\">\r\n                        <img decoding=\"async\" src=\"https:\/\/shbvatani.org\/wp-content\/uploads\/2024\/03\/H-ODZA.jpg\" alt=\"H-ODZA\" title=\"H-ODZA\" class=\"client-carousel__item__img\" >                                            <\/div><!-- \/.owl-slide-item-->\r\n                                    <div class=\"client-carousel__item\">\r\n                        <img decoding=\"async\" src=\"https:\/\/shbvatani.org\/wp-content\/uploads\/2024\/03\/PLAN-TE.jpg\" alt=\"PLAN-TE\" title=\"PLAN-TE\" class=\"client-carousel__item__img\" >                                            <\/div><!-- \/.owl-slide-item-->\r\n                                    <div class=\"client-carousel__item\">\r\n                        <img decoding=\"async\" src=\"https:\/\/shbvatani.org\/wp-content\/uploads\/2024\/03\/lindspitz-1.png\" alt=\"lindspitz (1)\" title=\"lindspitz (1)\" class=\"client-carousel__item__img\" >                                            <\/div><!-- \/.owl-slide-item-->\r\n                                    <div class=\"client-carousel__item\">\r\n                        <img decoding=\"async\" src=\"https:\/\/shbvatani.org\/wp-content\/uploads\/2024\/03\/beko-belo-1.png\" alt=\"beko-belo (1)\" title=\"beko-belo (1)\" class=\"client-carousel__item__img\" >                                            <\/div><!-- \/.owl-slide-item-->\r\n                            <\/div><!-- \/.thm-owl__slider -->\r\n        <\/div><!-- \/.container -->\r\n    <\/div><!-- \/.client-carousel -->\r\n\t\t\t\t<\/div>\n\t\t\t\t<\/div>\n\t\t\t\t<div class=\"elementor-element elementor-element-5e8e476 elementor-widget elementor-widget-text-editor\" data-id=\"5e8e476\" data-element_type=\"widget\" data-widget_type=\"text-editor.default\">\n\t\t\t\t<div class=\"elementor-widget-container\">\n\t\t\t\t\t\t\t\t\t<p><small>Unternehmen, die sich f\u00fcr ein Sponsoring interessieren, k\u00f6nnen <a href=\"https:\/\/shbvatani.org\/sponzorizim\/\">hier mit uns Kontakt aufnehmen<\/a> .<\/small><\/p>\n\t\t\t\t\t\t\t\t<\/div>\n\t\t\t\t<\/div>\n\t\t\t\t<\/div>\n\t\t\t\t<\/div>\n\t\t","protected":false},"excerpt":{"rendered":"<p>Hinterlassen Sie uns eine Nachricht Wir sind f\u00fcr Sie da! Sie k\u00f6nnen uns jederzeit \u00fcber das unten stehende Kontaktformular kontaktieren oder, wenn Sie m\u00f6chten, unsere Zentrale besuchen. Wir sind bereit, Ihre Fragen, Gedanken und Vorschl\u00e4ge zu h\u00f6ren. Vielen Dank, dass Sie Teil unseres Vereins \u201eVatan\u201c sind. Hauptadresse Hauptstrasse 2, 8586 Riedt b. Erlen Adresse Istighoferstrasse [&hellip;]<\/p>\n","protected":false},"author":1,"featured_media":0,"parent":0,"menu_order":0,"comment_status":"closed","ping_status":"closed","template":"elementor_header_footer","meta":{"_joinchat":[],"footnotes":""},"class_list":["post-6090","page","type-page","status-publish","hentry"],"_links":{"self":[{"href":"https:\/\/shbvatani.org\/de\/wp-json\/wp\/v2\/pages\/6090","targetHints":{"allow":["GET"]}}],"collection":[{"href":"https:\/\/shbvatani.org\/de\/wp-json\/wp\/v2\/pages"}],"about":[{"href":"https:\/\/shbvatani.org\/de\/wp-json\/wp\/v2\/types\/page"}],"author":[{"embeddable":true,"href":"https:\/\/shbvatani.org\/de\/wp-json\/wp\/v2\/users\/1"}],"replies":[{"embeddable":true,"href":"https:\/\/shbvatani.org\/de\/wp-json\/wp\/v2\/comments?post=6090"}],"version-history":[{"count":3,"href":"https:\/\/shbvatani.org\/de\/wp-json\/wp\/v2\/pages\/6090\/revisions"}],"predecessor-version":[{"id":6334,"href":"https:\/\/shbvatani.org\/de\/wp-json\/wp\/v2\/pages\/6090\/revisions\/6334"}],"wp:attachment":[{"href":"https:\/\/shbvatani.org\/de\/wp-json\/wp\/v2\/media?parent=6090"}],"curies":[{"name":"wp","href":"https:\/\/api.w.org\/{rel}","templated":true}]}}