{"id":6114,"date":"2023-11-15T13:01:19","date_gmt":"2023-11-15T13:01:19","guid":{"rendered":"https:\/\/shbvatani.org\/werden-sie-freiwilliger\/"},"modified":"2025-01-02T16:55:09","modified_gmt":"2025-01-02T16:55:09","slug":"werden-sie-freiwilliger","status":"publish","type":"page","link":"https:\/\/shbvatani.org\/de\/werden-sie-freiwilliger\/","title":{"rendered":"Werden Sie Freiwilliger"},"content":{"rendered":"\t\t<div data-elementor-type=\"wp-page\" data-elementor-id=\"6114\" class=\"elementor elementor-6114 elementor-524\" data-elementor-post-type=\"page\">\n\t\t\t\t<div class=\"elementor-element elementor-element-007f8c1 e-con-full e-flex e-con e-parent\" data-id=\"007f8c1\" data-element_type=\"container\">\n\t\t\t\t<div class=\"elementor-element elementor-element-e9e698c elementor-widget elementor-widget-cleenhearts-team\" data-id=\"e9e698c\" data-element_type=\"widget\" data-widget_type=\"cleenhearts-team.default\">\n\t\t\t\t<div class=\"elementor-widget-container\">\n\t\t\t\t\t\t<!-- Team Style four Start -->\r\n\t<section class=\"become-volunteer section-space\">\r\n\t\t<div class=\"container\">\r\n\t\t\t<div class=\"row gutter-y-50\">\r\n\t\t\t\t<div class=\"col-lg-6 wow fadeInUp\" data-wow-duration=\"1500ms\" data-wow-delay=\"00ms\">\r\n\t\t\t\t\t<div class=\"become-volunteer__image\">\r\n\t\t\t\t\t\t<div class=\"become-volunteer__image__inner\">\r\n\t\t\t\t\t\t\t<img decoding=\"async\" src=\"https:\/\/shbvatani.org\/wp-content\/uploads\/2024\/03\/vulnetar-1.png\" alt=\"vulnetar (1)\" title=\"vulnetar (1)\" >\t\t\t\t\t\t<\/div><!-- \/.become-volunteer__image__inner -->\r\n\t\t\t\t\t<\/div><!-- \/.become-volunteer__image -->\r\n\t\t\t\t<\/div><!-- \/.col-lg-6 -->\r\n\t\t\t\t<div class=\"col-lg-6 wow fadeInUp\" data-wow-duration=\"1500ms\" data-wow-delay=\"300ms\">\r\n\t\t\t\t\t<div class=\"become-volunteer__form form-one\">\r\n\t\t\t\t\t\t<div class=\"become-volunteer__form__bg\" style=\"background-image: url(https:\/\/shbvatani.org\/wp-content\/uploads\/2023\/11\/become-volunteer-bg-1-1.png);\"><\/div><!-- \/.become-volunteer__form__bg -->\r\n\t\t\t\t\t\t<h3 class=\"become-volunteer__form__title\">\r\n\t\t\t\t\t\t\tEngagieren Sie sich als Freiwilliger\n\n\n\n\n\n\n\t\t\t\t\t\t<\/h3><!-- \/.become-volunteer__form__title -->\r\n\t\t\t\t\t\t<div class=\"wpcf7 no-js\" id=\"wpcf7-f6083-o1\" lang=\"en-US\" dir=\"ltr\" data-wpcf7-id=\"6083\">\n<div class=\"screen-reader-response\"><p role=\"status\" aria-live=\"polite\" aria-atomic=\"true\"><\/p> <ul><\/ul><\/div>\n<form action=\"\/de\/wp-json\/wp\/v2\/pages\/6114#wpcf7-f6083-o1\" method=\"post\" class=\"wpcf7-form init\" aria-label=\"Contact form\" novalidate=\"novalidate\" data-status=\"init\">\n<fieldset class=\"hidden-fields-container\"><input type=\"hidden\" name=\"_wpcf7\" value=\"6083\" \/><input type=\"hidden\" name=\"_wpcf7_version\" value=\"6.1.5\" \/><input type=\"hidden\" name=\"_wpcf7_locale\" value=\"en_US\" \/><input type=\"hidden\" name=\"_wpcf7_unit_tag\" value=\"wpcf7-f6083-o1\" \/><input type=\"hidden\" name=\"_wpcf7_container_post\" value=\"0\" \/><input type=\"hidden\" name=\"_wpcf7_posted_data_hash\" value=\"\" \/><input type=\"hidden\" name=\"_wpcf7_recaptcha_response\" value=\"\" \/>\n<\/fieldset>\n<div class=\"row gutter-y-20\">\n    <div class=\"col-12\">\n        <span>Schliessen Sie sich uns an, um einen Unterschied zu machen.\n        Engagieren Sie sich als Freiwilliger vor Ort und leisten Sie Ihren Beitrag f\u00fcr eine bessere Welt. Gemeinsam k\u00f6nnen wir Solidarit\u00e4t f\u00f6rdern und positive Auswirkungen auf die Gemeinschaft erzielen.<\/span>\n    <\/div><!-- \/.form-one__control -->\n    <div class=\"col-12\">\n        <div class=\"form-one__control\">\n<span class=\"wpcf7-form-control-wrap\" data-name=\"text-name\"><input size=\"40\" maxlength=\"400\" class=\"wpcf7-form-control wpcf7-text wpcf7-validates-as-required form-one__control__input\" id=\"name\" aria-required=\"true\" aria-invalid=\"false\" placeholder=\"Ihr Name\" value=\"\" type=\"text\" name=\"text-name\" \/><\/span>\n        <\/div><!-- \/.form-one__control -->\n    <\/div><!-- \/.col-12 -->\n    <div class=\"col-12\">\n        <div class=\"form-one__control\">\n<span class=\"wpcf7-form-control-wrap\" data-name=\"text-email\"><input size=\"40\" maxlength=\"400\" class=\"wpcf7-form-control wpcf7-email wpcf7-validates-as-required wpcf7-text wpcf7-validates-as-email form-one__control__input\" id=\"youremail\" aria-required=\"true\" aria-invalid=\"false\" placeholder=\"E-Mail-Adresse\" value=\"\" type=\"email\" name=\"text-email\" \/><\/span>\n        <\/div><!-- \/.form-one__control -->\n    <\/div><!-- \/.col-12 -->\n    <div class=\"col-12\">\n        <div class=\"form-one__control\">\n<span class=\"wpcf7-form-control-wrap\" data-name=\"tel-phone\"><input size=\"40\" maxlength=\"400\" class=\"wpcf7-form-control wpcf7-tel wpcf7-text wpcf7-validates-as-tel form-one__control__input\" id=\"phoneno\" aria-invalid=\"false\" placeholder=\"Telefonnummer\" value=\"\" type=\"tel\" name=\"tel-phone\" \/><\/span>\n        <\/div><!-- \/.form-one__control -->\n    <\/div><!-- \/.col-12 -->\n    <div class=\"col-12\">\n        <div class=\"form-one__control\">\n<span class=\"wpcf7-form-control-wrap\" data-name=\"text-city\"><input size=\"40\" maxlength=\"400\" class=\"wpcf7-form-control wpcf7-text wpcf7-validates-as-required form-one__control__input\" aria-required=\"true\" aria-invalid=\"false\" placeholder=\"Stadt\" value=\"\" type=\"text\" name=\"text-city\" \/><\/span>\n        <\/div><!-- \/.form-one__control -->\n    <\/div><!-- \/.col-12 -->\n    <div class=\"col-12\">\n<small>This site is protected by reCAPTCHA and the Google <a href=\"https:\/\/policies.google.com\/privacy\" target=\"_blank\">Privacy Policy<\/a> and <a href=\"https:\/\/policies.google.com\/terms\" target=\"_blank\">Terms of Service<\/a> apply.<\/small>\n        <div class=\"contact-one__btn-box form-one__control mt-20\">\n            <button type=\"submit\" class=\"cleenhearts-btn cleenhearts-btn--border-base\">\n                <span class=\"cleenhearts-btn__icon-box\">\n                    <span class=\"cleenhearts-btn__icon-box__inner\"><span class=\"icon-duble-arrow\"><\/span><\/span>\n                <\/span>\n                <span class=\"cleenhearts-btn__text\">Antrag senden<\/span>\n            <\/button>\n        <\/div><!-- \/.form-one__control -->\n    <\/div><!-- \/.col-12 -->\n<\/div><!-- \/.row --><div class=\"wpcf7-response-output\" aria-hidden=\"true\"><\/div>\n<\/form>\n<\/div>\t\t\t\t\t<\/div><!-- \/.become-volunteer__form -->\r\n\t\t\t\t<\/div><!-- \/.col-lg-6 -->\r\n\t\t\t<\/div><!-- \/.row -->\r\n\t\t<\/div><!-- \/.container -->\r\n\t<\/section><!-- \/.become-volunteer section-space -->\r\n\t<!-- Team Style One End -->\r\n\t\t\t\t<\/div>\n\t\t\t\t<\/div>\n\t\t\t\t<\/div>\n\t\t<div class=\"elementor-element elementor-element-17769cc e-con-full e-flex e-con e-parent\" data-id=\"17769cc\" data-element_type=\"container\">\n\t\t\t\t<div class=\"elementor-element elementor-element-449efd4 elementor-widget elementor-widget-heading\" data-id=\"449efd4\" data-element_type=\"widget\" data-widget_type=\"heading.default\">\n\t\t\t\t<div class=\"elementor-widget-container\">\n\t\t\t\t\t<h2 class=\"elementor-heading-title elementor-size-default\">Sponsoren<\/h2>\t\t\t\t<\/div>\n\t\t\t\t<\/div>\n\t\t\t\t<div class=\"elementor-element elementor-element-b8400fd elementor-widget elementor-widget-cleenhearts-sponsors\" data-id=\"b8400fd\" data-element_type=\"widget\" data-widget_type=\"cleenhearts-sponsors.default\">\n\t\t\t\t<div class=\"elementor-widget-container\">\n\t\t\t\t\t    <div class=\"client-carousel @@extraClassName\">\r\n        <div class=\"container\">\r\n            <div class=\"client-carousel__one cleenhearts-owl__carousel cleenhearts-owl__carousel--basic-nav owl-theme owl-carousel\" data-owl-options='        {\r\n        &quot;loop&quot;: true,\r\n        &quot;margin&quot;: 0,\r\n        &quot;items&quot;: 2        ,&quot;nav&quot;: true                                    ,&quot;autoplay&quot;: true            ,&quot;autoplayTimeout&quot;: 3500                                    ,&quot;autoplayHoverPause&quot;: true                            ,&quot;navText&quot;: [\r\n            &quot;&lt;span class=\\&quot;  icon-arrow-left\\&quot;&gt;&lt;\/span&gt;&quot;,\r\n            &quot;&lt;span class=\\&quot;  icon-arrow-right\\&quot;&gt;&lt;\/span&gt;&quot;\r\n            ]\r\n                ,&quot;dots&quot;: false        ,&quot;smartSpeed&quot;: 700\r\n                    ,\r\n            &quot;responsive&quot;:\r\n            {\r\n                            &quot;0&quot;: {\r\n                &quot;items&quot;: 2,\r\n                                &quot;margin&quot;: 20                },                            &quot;360&quot;: {\r\n                &quot;items&quot;: 2,\r\n                                &quot;margin&quot;: 12                },                            &quot;575&quot;: {\r\n                &quot;items&quot;: 4,\r\n                                &quot;margin&quot;: 40                },                            &quot;768&quot;: {\r\n                &quot;items&quot;: 4,\r\n                                &quot;margin&quot;: 80                },                            &quot;992&quot;: {\r\n                &quot;items&quot;: 5,\r\n                                &quot;margin&quot;: 100                },                            &quot;1200&quot;: {\r\n                &quot;items&quot;: 6,\r\n                                &quot;margin&quot;: 50                }                        }\r\n                }\r\n    '>\r\n                                    <div class=\"client-carousel__item\">\r\n                        <img decoding=\"async\" src=\"https:\/\/shbvatani.org\/wp-content\/uploads\/2024\/03\/thur.png\" alt=\"thur\" title=\"thur\" class=\"client-carousel__item__img\" >                                            <\/div><!-- \/.owl-slide-item-->\r\n                                    <div class=\"client-carousel__item\">\r\n                        <img decoding=\"async\" src=\"https:\/\/shbvatani.org\/wp-content\/uploads\/2024\/03\/nur-travel-logo.png\" alt=\"nur-travel-logo\" title=\"nur-travel-logo\" class=\"client-carousel__item__img\" >                                            <\/div><!-- \/.owl-slide-item-->\r\n                                    <div class=\"client-carousel__item\">\r\n                        <img decoding=\"async\" src=\"https:\/\/shbvatani.org\/wp-content\/uploads\/2024\/03\/SKYDACH.jpg\" alt=\"SKYDACH\" title=\"SKYDACH\" class=\"client-carousel__item__img\" >                                            <\/div><!-- \/.owl-slide-item-->\r\n                                    <div class=\"client-carousel__item\">\r\n                        <img decoding=\"async\" src=\"https:\/\/shbvatani.org\/wp-content\/uploads\/2024\/03\/BLITZ.jpg\" alt=\"BLITZ\" title=\"BLITZ\" class=\"client-carousel__item__img\" >                                            <\/div><!-- \/.owl-slide-item-->\r\n                                    <div class=\"client-carousel__item\">\r\n                        <img decoding=\"async\" src=\"https:\/\/shbvatani.org\/wp-content\/uploads\/2024\/03\/H-ODZA.jpg\" alt=\"H-ODZA\" title=\"H-ODZA\" class=\"client-carousel__item__img\" >                                            <\/div><!-- \/.owl-slide-item-->\r\n                                    <div class=\"client-carousel__item\">\r\n                        <img decoding=\"async\" src=\"https:\/\/shbvatani.org\/wp-content\/uploads\/2024\/03\/PLAN-TE.jpg\" alt=\"PLAN-TE\" title=\"PLAN-TE\" class=\"client-carousel__item__img\" >                                            <\/div><!-- \/.owl-slide-item-->\r\n                                    <div class=\"client-carousel__item\">\r\n                        <img decoding=\"async\" src=\"https:\/\/shbvatani.org\/wp-content\/uploads\/2024\/03\/lindspitz-1.png\" alt=\"lindspitz (1)\" title=\"lindspitz (1)\" class=\"client-carousel__item__img\" >                                            <\/div><!-- \/.owl-slide-item-->\r\n                                    <div class=\"client-carousel__item\">\r\n                        <img decoding=\"async\" src=\"https:\/\/shbvatani.org\/wp-content\/uploads\/2024\/03\/beko-belo-1.png\" alt=\"beko-belo (1)\" title=\"beko-belo (1)\" class=\"client-carousel__item__img\" >                                            <\/div><!-- \/.owl-slide-item-->\r\n                            <\/div><!-- \/.thm-owl__slider -->\r\n        <\/div><!-- \/.container -->\r\n    <\/div><!-- \/.client-carousel -->\r\n\t\t\t\t<\/div>\n\t\t\t\t<\/div>\n\t\t\t\t<div class=\"elementor-element elementor-element-7b0b7b0 elementor-widget elementor-widget-text-editor\" data-id=\"7b0b7b0\" data-element_type=\"widget\" data-widget_type=\"text-editor.default\">\n\t\t\t\t<div class=\"elementor-widget-container\">\n\t\t\t\t\t\t\t\t\t<p><small>Unternehmen, die sich f\u00fcr ein Sponsoring interessieren, k\u00f6nnen <a href=\"https:\/\/shbvatani.org\/de\/sponsoring\/\">hier mit uns Kontakt aufnehmen<\/a> .<\/small><\/p>\n\t\t\t\t\t\t\t\t<\/div>\n\t\t\t\t<\/div>\n\t\t\t\t<\/div>\n\t\t\t\t<\/div>\n\t\t","protected":false},"excerpt":{"rendered":"<p>Engagieren Sie sich als Freiwilliger Schlie\u00dfen Sie sich uns an, um einen Unterschied zu machen. Engagieren Sie sich als Freiwilliger vor Ort und leisten Sie Ihren Beitrag f\u00fcr eine bessere Welt. Gemeinsam k\u00f6nnen wir Solidarit\u00e4t f\u00f6rdern und positive Auswirkungen auf die Gemeinschaft erzielen. This site is protected by reCAPTCHA and the Google Privacy Policy and [&hellip;]<\/p>\n","protected":false},"author":1,"featured_media":0,"parent":0,"menu_order":0,"comment_status":"closed","ping_status":"closed","template":"elementor_header_footer","meta":{"_joinchat":[],"footnotes":""},"class_list":["post-6114","page","type-page","status-publish","hentry"],"_links":{"self":[{"href":"https:\/\/shbvatani.org\/de\/wp-json\/wp\/v2\/pages\/6114","targetHints":{"allow":["GET"]}}],"collection":[{"href":"https:\/\/shbvatani.org\/de\/wp-json\/wp\/v2\/pages"}],"about":[{"href":"https:\/\/shbvatani.org\/de\/wp-json\/wp\/v2\/types\/page"}],"author":[{"embeddable":true,"href":"https:\/\/shbvatani.org\/de\/wp-json\/wp\/v2\/users\/1"}],"replies":[{"embeddable":true,"href":"https:\/\/shbvatani.org\/de\/wp-json\/wp\/v2\/comments?post=6114"}],"version-history":[{"count":3,"href":"https:\/\/shbvatani.org\/de\/wp-json\/wp\/v2\/pages\/6114\/revisions"}],"predecessor-version":[{"id":6121,"href":"https:\/\/shbvatani.org\/de\/wp-json\/wp\/v2\/pages\/6114\/revisions\/6121"}],"wp:attachment":[{"href":"https:\/\/shbvatani.org\/de\/wp-json\/wp\/v2\/media?parent=6114"}],"curies":[{"name":"wp","href":"https:\/\/api.w.org\/{rel}","templated":true}]}}